{"id":92,"date":"2019-12-15T11:01:42","date_gmt":"2019-12-15T10:01:42","guid":{"rendered":"http:\/\/dkjtktw.cluster100.hosting.ovh.net\/index.php\/product\/fusce-porta-armchair-6\/"},"modified":"2025-12-01T15:07:07","modified_gmt":"2025-12-01T14:07:07","slug":"terrain-lexy-1","status":"publish","type":"product","link":"https:\/\/www.joliboisimmo.com\/index.php\/produit\/terrain-lexy-1\/","title":{"rendered":"Terrain &#8211; LEXY &#8211; 50 000 m\u00b2 &#8211; non viabilis\u00e9"},"content":{"rendered":"<p>Opportunit\u00e9 Exceptionnelle \u00e0 <strong>Lexy<\/strong> : <strong>Terrain de 50 000 m\u00b2 en Zone Commerciale et Artisanale<\/strong><\/p>\n<p>JOLIBOIS IMMOBILIER a le plaisir de vous pr\u00e9senter une opportunit\u00e9 unique d&rsquo;acqu\u00e9rir u<strong>n terrain de 50 000 m\u00b2<\/strong>, id\u00e9alement situ\u00e9 au c\u0153ur d&rsquo;une zone commerciale et artisanale en plein essor \u00e0 Lexy. Ce terrain spacieux offre une flexibilit\u00e9 incomparable avec la possibilit\u00e9 de morceler selon vos besoins sp\u00e9cifiques, ce qui en fait un choix parfait pour une vari\u00e9t\u00e9 de projets commerciaux ou artisanaux.<\/p>\n<p>Caract\u00e9ristiques du terrain :<\/p>\n<p>Superficie : 50 000 m\u00b2<br \/>\nPossibilit\u00e9 de morcellement : Adaptez la taille du terrain \u00e0 votre projet<br \/>\nAccessibilit\u00e9 : Deux acc\u00e8s distincts pour faciliter la logistique et les d\u00e9placements<br \/>\nEmplacement strat\u00e9gique :** Situ\u00e9 dans une zone en plein d\u00e9veloppement, profitant d&rsquo;un dynamisme \u00e9conomique croissant<\/p>\n<p>Ce terrain est une occasion rare pour les investisseurs et entrepreneurs cherchant \u00e0 \u00e9tablir ou \u00e0 \u00e9tendre leurs activit\u00e9s dans une r\u00e9gion en pleine expansion. Sa localisation strat\u00e9gique \u00e0 Lexy garantit une visibilit\u00e9 et une accessibilit\u00e9 optimales, tout en b\u00e9n\u00e9ficiant des infrastructures environnantes.<\/p>\n<p>Pour plus d&rsquo;informations sur cette offre exceptionnelle ou pour organiser une visite, veuillez contacter JOLIBOIS IMMOBILIER. Nous serons ravis de vous accompagner dans la r\u00e9alisation de votre projet.<\/p>\n<p>R\u00e9f\u00e9rence 171 &#8211; Non soumis au DPE &#8211; Article R134-1 code de la construction et de l&rsquo;habitation. Les Honoraires d&rsquo;agence seront int\u00e9gralement \u00e0 la charge du vendeur<\/p>\n<div class=\"text-sm-left offset-top-50\">\n<p>AGNES JOLIBOIS<br \/>\nTEL : 06.42.72.59.76.<br \/>\nMAIL : <a href=\"mailto:agnes@joliboisimmo.fr\">agnes@joliboisimmo.fr<\/a><\/p>\n<\/div>\n","protected":false},"excerpt":{"rendered":"<p>Opportunit\u00e9 exceptionnelle \u00e0 <strong>Lexy<\/strong> : <strong>Terrain de 50 000 m\u00b2 en Zone Commerciale et Artisanale<\/strong><\/p>\n","protected":false},"featured_media":822,"template":"","meta":[],"product_brand":[],"product_cat":[25],"product_tag":[20,22,21],"class_list":{"0":"post-92","1":"product","2":"type-product","3":"status-publish","4":"has-post-thumbnail","6":"product_cat-terrains","7":"product_tag-furniture","8":"product_tag-modern","9":"product_tag-viabilise","11":"first","12":"instock","13":"shipping-taxable","14":"purchasable","15":"product-type-simple"},"_links":{"self":[{"href":"https:\/\/www.joliboisimmo.com\/index.php\/wp-json\/wp\/v2\/product\/92","targetHints":{"allow":["GET"]}}],"collection":[{"href":"https:\/\/www.joliboisimmo.com\/index.php\/wp-json\/wp\/v2\/product"}],"about":[{"href":"https:\/\/www.joliboisimmo.com\/index.php\/wp-json\/wp\/v2\/types\/product"}],"wp:featuredmedia":[{"embeddable":true,"href":"https:\/\/www.joliboisimmo.com\/index.php\/wp-json\/wp\/v2\/media\/822"}],"wp:attachment":[{"href":"https:\/\/www.joliboisimmo.com\/index.php\/wp-json\/wp\/v2\/media?parent=92"}],"wp:term":[{"taxonomy":"product_brand","embeddable":true,"href":"https:\/\/www.joliboisimmo.com\/index.php\/wp-json\/wp\/v2\/product_brand?post=92"},{"taxonomy":"product_cat","embeddable":true,"href":"https:\/\/www.joliboisimmo.com\/index.php\/wp-json\/wp\/v2\/product_cat?post=92"},{"taxonomy":"product_tag","embeddable":true,"href":"https:\/\/www.joliboisimmo.com\/index.php\/wp-json\/wp\/v2\/product_tag?post=92"}],"curies":[{"name":"wp","href":"https:\/\/api.w.org\/{rel}","templated":true}]}}