{"id":90,"date":"2019-12-15T11:05:11","date_gmt":"2019-12-15T10:05:11","guid":{"rendered":"http:\/\/dkjtktw.cluster100.hosting.ovh.net\/index.php\/product\/fusce-porta-armchair-4\/"},"modified":"2025-12-01T10:37:02","modified_gmt":"2025-12-01T09:37:02","slug":"terrain-longuyon","status":"publish","type":"product","link":"https:\/\/www.joliboisimmo.com\/index.php\/produit\/terrain-longuyon\/","title":{"rendered":"Terrain &#8211; LONGUYON &#8211; 300 m\u00b2 &#8211; viabilis\u00e9"},"content":{"rendered":"<p>Vous cherchez un terrain constructible en centre ville de Longuyon ?<\/p>\n<p>Ne cherchez plus, nous avons ce qu&rsquo;il vous faut ! Il s&rsquo;agit <strong>d&rsquo;un terrain viabilis\u00e9 de 283m\u00b2<\/strong>, class\u00e9 en zone U1 du PLU de Longuyon, qui vous offre la possibilit\u00e9 de r\u00e9aliser votre projet immobilier. Le terrain est situ\u00e9 en face de la maison de sant\u00e9 de Longuyon, ce qui est un atout majeur pour vos futurs locataires ou acqu\u00e9reurs. Le terrain dispose d&rsquo;une fa\u00e7ade de 12 m\u00e8tres et d&rsquo;une hauteur maximale de construction \u00e0 l&rsquo;\u00e9gout de la toiture de 14 m\u00e8tres. Vous pouvez envisager de construire un collectif de 9 appartements, par exemple, avec des prestations de qualit\u00e9 et un design moderne. N&rsquo;h\u00e9sitez pas \u00e0 nous contacter pour plus d&rsquo;informations sur ce terrain exceptionnel !<\/p>\n<p>R\u00e9f\u00e9rence 23 &#8211; Non soumis au DPE &#8211; Article R134-1 code de la construction et de l&rsquo;habitation. Les Honoraires d&rsquo;agence seront int\u00e9gralement \u00e0 la charge du vendeur<\/p>\n<div class=\"text-sm-left offset-top-50\">\n<p>Pour tous renseignements :<br \/>\nContacter AGNES JOLIBOIS<br \/>\nTEL : 06.42.72.59.76.<br \/>\nMAIL : <a href=\"mailto:agnes@joliboisimmo.fr\">agnes@joliboisimmo.fr<\/a><\/p>\n<\/div>\n<div class=\"offset-top-30\">\n<div class=\"table-responsive clearfix\"><\/div>\n<\/div>\n","protected":false},"excerpt":{"rendered":"<p>Terrain constructible en centre ville de Longuyon. Terrain de 300 m\u00b2, class\u00e9 en zone U1 du PLU de Longuyon<\/p>\n","protected":false},"featured_media":120,"template":"","meta":[],"product_brand":[],"product_cat":[25],"product_tag":[],"class_list":{"0":"post-90","1":"product","2":"type-product","3":"status-publish","4":"has-post-thumbnail","6":"product_cat-terrains","8":"first","9":"instock","10":"shipping-taxable","11":"purchasable","12":"product-type-simple"},"_links":{"self":[{"href":"https:\/\/www.joliboisimmo.com\/index.php\/wp-json\/wp\/v2\/product\/90","targetHints":{"allow":["GET"]}}],"collection":[{"href":"https:\/\/www.joliboisimmo.com\/index.php\/wp-json\/wp\/v2\/product"}],"about":[{"href":"https:\/\/www.joliboisimmo.com\/index.php\/wp-json\/wp\/v2\/types\/product"}],"wp:featuredmedia":[{"embeddable":true,"href":"https:\/\/www.joliboisimmo.com\/index.php\/wp-json\/wp\/v2\/media\/120"}],"wp:attachment":[{"href":"https:\/\/www.joliboisimmo.com\/index.php\/wp-json\/wp\/v2\/media?parent=90"}],"wp:term":[{"taxonomy":"product_brand","embeddable":true,"href":"https:\/\/www.joliboisimmo.com\/index.php\/wp-json\/wp\/v2\/product_brand?post=90"},{"taxonomy":"product_cat","embeddable":true,"href":"https:\/\/www.joliboisimmo.com\/index.php\/wp-json\/wp\/v2\/product_cat?post=90"},{"taxonomy":"product_tag","embeddable":true,"href":"https:\/\/www.joliboisimmo.com\/index.php\/wp-json\/wp\/v2\/product_tag?post=90"}],"curies":[{"name":"wp","href":"https:\/\/api.w.org\/{rel}","templated":true}]}}