{"id":823,"date":"2025-12-01T15:07:54","date_gmt":"2025-12-01T14:07:54","guid":{"rendered":"https:\/\/www.joliboisimmo.com\/?post_type=product&#038;p=823"},"modified":"2025-12-01T15:41:08","modified_gmt":"2025-12-01T14:41:08","slug":"programme-immobilier-neuf-le-clos-lor-appartements-neufs-3-a-5-pieces","status":"publish","type":"product","link":"https:\/\/www.joliboisimmo.com\/index.php\/produit\/programme-immobilier-neuf-le-clos-lor-appartements-neufs-3-a-5-pieces\/","title":{"rendered":"Programme immobilier neuf Le Clos l&rsquo;Or"},"content":{"rendered":"<p>&nbsp;<\/p>\n<p><span class=\"see-more-description__content\">COSNES-ET-ROMAIN \u2013 VOTRE NOUVELLE ADRESSE DE VIE VOUS ATTEND !<br \/>\nDans un environnement verdoyant et recherch\u00e9 \u00e0 Cosnes-et-Romain, d\u00e9couvrez une opportunit\u00e9 rare : des appartements neufs de 3 \u00e0 5 pi\u00e8ces, lumineux et confortables, pens\u00e9s pour votre bien-\u00eatre au quotidien. Vous r\u00eavez d\u2019un cadre de vie paisible, moderne et proche du Luxembourg ?<br \/>\nNe passez pas \u00e0 c\u00f4t\u00e9 de cette r\u00e9sidence neuve de standing !<br \/>\n\u2705 Que vous soyez en qu\u00eate d\u2019un 3 pi\u00e8ces cocooning ou d\u2019un 4 pi\u00e8ces familial avec grand jardin, nous vous proposons les derniers lots disponibles et parfaitement agenc\u00e9s dans une r\u00e9sidence intimiste \u00e0 taille humaine et \u00e0 l&rsquo;architecture \u00e9l\u00e9gante.<br \/>\nCon\u00e7us avec soin, ces logements allient espace, fonctionnalit\u00e9 et modernit\u00e9, avec de belles terrasses, de jardins privatifs et des stationnements inclus.<br \/>\nLes orientations soigneusement \u00e9tudi\u00e9es offrent une luminosit\u00e9 naturelle g\u00e9n\u00e9reuse, et les ext\u00e9rieurs privatifs permettent de profiter pleinement des beaux jours, dans un cadre de vie paisible, \u00e0 quelques minutes de toutes commodit\u00e9s.<br \/>\nChaque logement b\u00e9n\u00e9ficie de stationnements privatifs et de garages en option pour un maximum de confort.<br \/>\nCette r\u00e9sidence, parfaitement int\u00e9gr\u00e9e dans son environnement calme et verdoyant, s&rsquo;adresse aussi bien aux jeunes actifs, familles qu&rsquo;aux investisseurs \u00e0 la recherche d\u2019un bien de qualit\u00e9 dans un secteur en plein essor.<br \/>\nDes prix attractifs pour une r\u00e9sidence neuve de standing Proximit\u00e9 imm\u00e9diate du Luxembourg : emplacement strat\u00e9gique, id\u00e9al pour les frontaliers Frais de notaire r\u00e9duits N\u2019attendez plus ! Venez d\u00e9couvrir le cadre de vie que vous m\u00e9ritez. Contactez notre agence pour obtenir un rendez-vous et consulter les disponibilit\u00e9s mises \u00e0 jour.<\/span><\/p>\n<p>Nombre de pi\u00e8ce : 3 \u00e0 5 pi\u00e8ces<\/p>\n<p>Surface habitable : de 68 \u00e0 100 m\u00b2<\/p>\n<p>Prix : de 228 000 \u00e0 380 000 en fonction de la typologie et de la superficie<\/p>\n<p>VISITE VIRTUELLE : <a href=\"https:\/\/www.bienici.com\/annonce\/vente\/cosnes-et-romain\/programme\/3,5piece\/gedeon-31353493\">https:\/\/www.bienici.com\/annonce\/vente\/cosnes-et-romain\/programme\/3,5piece\/gedeon-31353493<\/a><\/p>\n<p>AGNES JOLIBOIS<br \/>\n06 42 72 59 76<br \/>\n<a href=\"mailto:agnes@joliboisimmo.fr\">agnes@joliboisimmo.fr<\/a><\/p>\n","protected":false},"excerpt":{"rendered":"<p>Le Clos l&rsquo;Or<br \/>\nProgramme immobilier neuf : appartements neufs 3 \u00e0 5 pi\u00e8ces<\/p>\n","protected":false},"featured_media":824,"template":"","meta":[],"product_brand":[],"product_cat":[24,23],"product_tag":[20,22,21],"class_list":{"0":"post-823","1":"product","2":"type-product","3":"status-publish","4":"has-post-thumbnail","6":"product_cat-appartements","7":"product_cat-logements-neufs","8":"product_tag-furniture","9":"product_tag-modern","10":"product_tag-viabilise","12":"first","13":"instock","14":"shipping-taxable","15":"purchasable","16":"product-type-simple"},"_links":{"self":[{"href":"https:\/\/www.joliboisimmo.com\/index.php\/wp-json\/wp\/v2\/product\/823","targetHints":{"allow":["GET"]}}],"collection":[{"href":"https:\/\/www.joliboisimmo.com\/index.php\/wp-json\/wp\/v2\/product"}],"about":[{"href":"https:\/\/www.joliboisimmo.com\/index.php\/wp-json\/wp\/v2\/types\/product"}],"wp:featuredmedia":[{"embeddable":true,"href":"https:\/\/www.joliboisimmo.com\/index.php\/wp-json\/wp\/v2\/media\/824"}],"wp:attachment":[{"href":"https:\/\/www.joliboisimmo.com\/index.php\/wp-json\/wp\/v2\/media?parent=823"}],"wp:term":[{"taxonomy":"product_brand","embeddable":true,"href":"https:\/\/www.joliboisimmo.com\/index.php\/wp-json\/wp\/v2\/product_brand?post=823"},{"taxonomy":"product_cat","embeddable":true,"href":"https:\/\/www.joliboisimmo.com\/index.php\/wp-json\/wp\/v2\/product_cat?post=823"},{"taxonomy":"product_tag","embeddable":true,"href":"https:\/\/www.joliboisimmo.com\/index.php\/wp-json\/wp\/v2\/product_tag?post=823"}],"curies":[{"name":"wp","href":"https:\/\/api.w.org\/{rel}","templated":true}]}}