{"id":787,"date":"2025-12-01T11:00:11","date_gmt":"2025-12-01T10:00:11","guid":{"rendered":"https:\/\/www.joliboisimmo.com\/?post_type=product&#038;p=787"},"modified":"2025-12-01T14:52:57","modified_gmt":"2025-12-01T13:52:57","slug":"maison-neuve-rehon-90-4-pieces","status":"publish","type":"product","link":"https:\/\/www.joliboisimmo.com\/index.php\/produit\/maison-neuve-rehon-90-4-pieces\/","title":{"rendered":"Maison neuve &#8211; R\u00c9HON &#8211; 90 m\u00b2 -4 pi\u00e8ces"},"content":{"rendered":"<p><span class=\"see-more-description__content\">Maison neuve \u00e0 R\u00c9HON \u2013 Cadre verdoyant, proche fronti\u00e8res !<br \/>\n\u00c0 d\u00e9couvrir sans attendre !<br \/>\n<\/span><span class=\"see-more-description__content\">Dans un quartier paisible de R\u00e9hon, nich\u00e9e au c\u0153ur d\u2019un environnement verdoyant, cette maison individuelle neuve de 90 m\u00b2 (en projet de construction) vous offre un cadre de vie confortable, moderne et serein, \u00e0 deux pas de la Belgique et du Luxembourg.<br \/>\nPens\u00e9e pour le bien-\u00eatre au quotidien, elle se compose d\u2019un grand s\u00e9jour lumineux avec salon et cuisine ouverte, donnant directement sur une belle terrasse ext\u00e9rieure, parfaite pour vos moments en famille ou entre amis. A l&rsquo;\u00e9tage, vous disposez de 3 chambres, d&rsquo;un WC s\u00e9par\u00e9, et d\u2019une distribution fonctionnelle des espaces. Un garage attenant compl\u00e8te le bien. Une opportunit\u00e9 id\u00e9ale pour un premier achat ou pour une famille cherchant calme, confort et proximit\u00e9 avec les axes transfrontaliers.<br \/>\n\u2705 Maison neuve<br \/>\n\u2705 Environnement calme et naturel<br \/>\n\u2705 Personnalisable selon vos envies<br \/>\n\u2705 \u00c0 seulement quelques minutes des acc\u00e8s vers la Belgique et le Luxembourg <\/span><\/p>\n<p><span class=\"see-more-description__content\"><br \/>\nContactez notre agence d\u00e8s aujourd\u2019hui au <span class=\"showPhoneNumber\" data-phone=\"06 42 72 59 76\">Voir le t\u00e9l\u00e9phone<\/span> ou par mail \u00e0 <span class=\"openContactForm\" data-email=\"agnes@joliboisimmo.fr\">Contacter<\/span> pour d\u00e9couvrir les plans et r\u00e9server votre futur chez-vous !<\/span><\/p>\n<p>Nombre de pi\u00e8ce : 4<\/p>\n<p>Nombre de chambres : 3<\/p>\n<p>Surface habitable : 90 m\u00b2<\/p>\n<p>Jardin : 350 m\u00b2<\/p>\n<p>Piscine : Non<\/p>\n<p>Accessibilit\u00e9 handicap\u00e9 : non<\/p>\n<p>Proche commodit\u00e9s : Non<\/p>\n<p>AGNES JOLIBOIS<br \/>\n06 42 72 59 76<br \/>\nagnes@joliboisimmo.fr<\/p>\n","protected":false},"excerpt":{"rendered":"<p>MAISON NEUVE DE 90 M\u00b2 A REHON<\/p>\n","protected":false},"featured_media":819,"template":"","meta":[],"product_brand":[],"product_cat":[16,23],"product_tag":[],"class_list":{"0":"post-787","1":"product","2":"type-product","3":"status-publish","4":"has-post-thumbnail","6":"product_cat-maisons","7":"product_cat-logements-neufs","9":"first","10":"instock","11":"shipping-taxable","12":"purchasable","13":"product-type-simple"},"_links":{"self":[{"href":"https:\/\/www.joliboisimmo.com\/index.php\/wp-json\/wp\/v2\/product\/787","targetHints":{"allow":["GET"]}}],"collection":[{"href":"https:\/\/www.joliboisimmo.com\/index.php\/wp-json\/wp\/v2\/product"}],"about":[{"href":"https:\/\/www.joliboisimmo.com\/index.php\/wp-json\/wp\/v2\/types\/product"}],"wp:featuredmedia":[{"embeddable":true,"href":"https:\/\/www.joliboisimmo.com\/index.php\/wp-json\/wp\/v2\/media\/819"}],"wp:attachment":[{"href":"https:\/\/www.joliboisimmo.com\/index.php\/wp-json\/wp\/v2\/media?parent=787"}],"wp:term":[{"taxonomy":"product_brand","embeddable":true,"href":"https:\/\/www.joliboisimmo.com\/index.php\/wp-json\/wp\/v2\/product_brand?post=787"},{"taxonomy":"product_cat","embeddable":true,"href":"https:\/\/www.joliboisimmo.com\/index.php\/wp-json\/wp\/v2\/product_cat?post=787"},{"taxonomy":"product_tag","embeddable":true,"href":"https:\/\/www.joliboisimmo.com\/index.php\/wp-json\/wp\/v2\/product_tag?post=787"}],"curies":[{"name":"wp","href":"https:\/\/api.w.org\/{rel}","templated":true}]}}