{"id":785,"date":"2025-12-01T10:40:00","date_gmt":"2025-12-01T09:40:00","guid":{"rendered":"https:\/\/www.joliboisimmo.com\/?post_type=product&#038;p=785"},"modified":"2025-12-01T15:00:49","modified_gmt":"2025-12-01T14:00:49","slug":"terrain-vaux-764","status":"publish","type":"product","link":"https:\/\/www.joliboisimmo.com\/index.php\/produit\/terrain-vaux-764\/","title":{"rendered":"Terrain &#8211; VAUX &#8211; 764 m\u00b2"},"content":{"rendered":"<p><span class=\"see-more-description__content\">TERRAIN D&rsquo;EXCEPTION A B\u00c2TIR A VAUX (MOSELLE).<br \/>\n\u00c0 vendre : un terrain unique, l\u2019un des tout derniers disponibles dans le secteur pris\u00e9 de VAUX, en Moselle.<\/span><\/p>\n<p><span class=\"see-more-description__content\">Ce superbe terrain \u00e0 b\u00e2tir b\u00e9n\u00e9ficie d\u2019une situation privil\u00e9gi\u00e9e dans un village historique charg\u00e9 de charme et d\u2019authenticit\u00e9, au c\u0153ur d\u2019un environnement naturel remarquable. <\/span><\/p>\n<p><span class=\"see-more-description__content\">Un lieu rare :nich\u00e9 dans un d\u00e9cor paisible, entour\u00e9 de paysages vallonn\u00e9s et verdoyants, ce terrain est une opportunit\u00e9 unique de concilier tranquillit\u00e9 et proximit\u00e9 avec Metz et les axes routiers principaux. <\/span><\/p>\n<p><span class=\"see-more-description__content\">Un projet architectural \u00e9tudi\u00e9 : le terrain a d\u00e9j\u00e0 \u00e9t\u00e9 analys\u00e9 par des architectes, qui ont imagin\u00e9 une magnifique maison parfaitement adapt\u00e9e \u00e0 la configuration de la parcelle et \u00e0 son relief. Chaque d\u00e9tail du projet valorise l\u2019orientation, la luminosit\u00e9 et la vue, pour cr\u00e9er une demeure contemporaine et \u00e9l\u00e9gante, en parfaite harmonie avec son environnement. <\/span><\/p>\n<p><span class=\"see-more-description__content\">Un cadre de vie exceptionnel : Vaux est un village reconnu pour son authenticit\u00e9, son patrimoine et sa qualit\u00e9 de vie. Vous y trouverez \u00e0 la fois le charme de l\u2019histoire et le confort d\u2019une vie sereine au c\u0153ur de la Moselle. Ce terrain est une raret\u00e9 sur le march\u00e9, et repr\u00e9sente sans doute la derni\u00e8re chance de b\u00e2tir votre maison dans ce secteur recherch\u00e9. <\/span><\/p>\n<p><span class=\"see-more-description__content\">Ne manquez pas cette opportunit\u00e9 exceptionnelle : contactez-nous d\u00e8s aujourd\u2019hui pour plus d\u2019informations, plans et visites sur place.<\/span><\/p>\n<p>&nbsp;<\/p>\n<div class=\"text-sm-left offset-top-50\">\n<p>Pour tous renseignements :<br \/>\nContacter AGNES JOLIBOIS<br \/>\nTEL : 06.42.72.59.76.<br \/>\nMAIL : <a href=\"mailto:agnes@joliboisimmo.fr\">agnes@joliboisimmo.fr<\/a><\/p>\n<\/div>\n<div class=\"offset-top-30\">\n<div class=\"table-responsive clearfix\"><\/div>\n<\/div>\n","protected":false},"excerpt":{"rendered":"<p>Terrain constructible \u00e0 Vaux de 764 m\u00b2. <span class=\"see-more-description__content\">Un cadre de vie exceptionnel <\/span><\/p>\n","protected":false},"featured_media":820,"template":"","meta":[],"product_brand":[],"product_cat":[25],"product_tag":[],"class_list":{"0":"post-785","1":"product","2":"type-product","3":"status-publish","4":"has-post-thumbnail","6":"product_cat-terrains","8":"first","9":"instock","10":"shipping-taxable","11":"purchasable","12":"product-type-simple"},"_links":{"self":[{"href":"https:\/\/www.joliboisimmo.com\/index.php\/wp-json\/wp\/v2\/product\/785","targetHints":{"allow":["GET"]}}],"collection":[{"href":"https:\/\/www.joliboisimmo.com\/index.php\/wp-json\/wp\/v2\/product"}],"about":[{"href":"https:\/\/www.joliboisimmo.com\/index.php\/wp-json\/wp\/v2\/types\/product"}],"wp:featuredmedia":[{"embeddable":true,"href":"https:\/\/www.joliboisimmo.com\/index.php\/wp-json\/wp\/v2\/media\/820"}],"wp:attachment":[{"href":"https:\/\/www.joliboisimmo.com\/index.php\/wp-json\/wp\/v2\/media?parent=785"}],"wp:term":[{"taxonomy":"product_brand","embeddable":true,"href":"https:\/\/www.joliboisimmo.com\/index.php\/wp-json\/wp\/v2\/product_brand?post=785"},{"taxonomy":"product_cat","embeddable":true,"href":"https:\/\/www.joliboisimmo.com\/index.php\/wp-json\/wp\/v2\/product_cat?post=785"},{"taxonomy":"product_tag","embeddable":true,"href":"https:\/\/www.joliboisimmo.com\/index.php\/wp-json\/wp\/v2\/product_tag?post=785"}],"curies":[{"name":"wp","href":"https:\/\/api.w.org\/{rel}","templated":true}]}}