{"id":696,"date":"2025-04-18T15:27:01","date_gmt":"2025-04-18T13:27:01","guid":{"rendered":"https:\/\/dkjtktw.cluster100.hosting.ovh.net\/?page_id=696"},"modified":"2025-12-01T12:17:34","modified_gmt":"2025-12-01T11:17:34","slug":"estimation","status":"publish","type":"page","link":"https:\/\/www.joliboisimmo.com\/index.php\/estimation\/","title":{"rendered":"Estimation"},"content":{"rendered":"\t\t<div data-elementor-type=\"wp-page\" data-elementor-id=\"696\" class=\"elementor elementor-696\">\n\t\t\t\t<div class=\"aux-parallax-section elementor-element elementor-element-028db7b e-flex e-con-boxed e-con e-parent\" data-id=\"028db7b\" data-element_type=\"container\">\n\t\t\t\t\t<div class=\"e-con-inner\">\n\t\t<div class=\"elementor-element elementor-element-a495aad e-con-full e-flex e-con e-child\" data-id=\"a495aad\" data-element_type=\"container\">\n\t\t\t\t<div class=\"elementor-element elementor-element-736d4e2 aux-appear-watch-animation aux-fade-in-up elementor-widget elementor-widget-aux_modern_heading\" data-id=\"736d4e2\" data-element_type=\"widget\" data-widget_type=\"aux_modern_heading.default\">\n\t\t\t\t<div class=\"elementor-widget-container\">\n\t\t\t\t\t<section class=\"aux-widget-modern-heading\">\n            <div class=\"aux-widget-inner\"><h2 class=\"aux-modern-heading-primary\">Contacter JOLIBOIS IMMOBILIER<\/h2><h3 class=\"aux-modern-heading-secondary\"><span class=\"aux-head-before\">Prenez contact<\/span><\/h3><div class=\"aux-modern-heading-description\"><p>Nous sommes ravis de vous accompagner dans votre projet immobilier\u00a0<\/p><\/div><\/div>\n        <\/section>\t\t\t\t<\/div>\n\t\t\t\t<\/div>\n\t\t\t\t<div class=\"elementor-element elementor-element-f59b093 aux-appear-watch-animation aux-fade-in-up elementor-widget elementor-widget-aux_contact_form\" data-id=\"f59b093\" data-element_type=\"widget\" data-widget_type=\"aux_contact_form.default\">\n\t\t\t\t<div class=\"elementor-widget-container\">\n\t\t\t\t\t<section class=\"widget-container aux-widget-contact-form aux-parent-aufeb4d7fc\">            <div class=\"aux-col-wrapper aux-no-gutter\">\n            <!-- @TODO - The output for element here -->\n\n            \n<div class=\"wpcf7 no-js\" id=\"wpcf7-f361-o1\" lang=\"en-US\" dir=\"ltr\" data-wpcf7-id=\"361\">\n<div class=\"screen-reader-response\"><p role=\"status\" aria-live=\"polite\" aria-atomic=\"true\"><\/p> <ul><\/ul><\/div>\n<form action=\"\/index.php\/wp-json\/wp\/v2\/pages\/696#wpcf7-f361-o1\" method=\"post\" class=\"wpcf7-form init\" aria-label=\"Contact form\" novalidate=\"novalidate\" data-status=\"init\">\n<fieldset class=\"hidden-fields-container\"><input type=\"hidden\" name=\"_wpcf7\" value=\"361\" \/><input type=\"hidden\" name=\"_wpcf7_version\" value=\"6.1.4\" \/><input type=\"hidden\" name=\"_wpcf7_locale\" value=\"en_US\" \/><input type=\"hidden\" name=\"_wpcf7_unit_tag\" value=\"wpcf7-f361-o1\" \/><input type=\"hidden\" name=\"_wpcf7_container_post\" value=\"0\" \/><input type=\"hidden\" name=\"_wpcf7_posted_data_hash\" value=\"\" \/>\n<\/fieldset>\n<label><span class=\"wpcf7-form-control-wrap\" data-name=\"text-913\"><input size=\"40\" maxlength=\"400\" class=\"wpcf7-form-control wpcf7-text\" aria-invalid=\"false\" placeholder=\"Nom et pr\u00e9nom\" value=\"\" type=\"text\" name=\"text-913\" \/><\/span> <\/label>\n<label><span class=\"wpcf7-form-control-wrap\" data-name=\"email-832\"><input size=\"40\" maxlength=\"400\" class=\"wpcf7-form-control wpcf7-email wpcf7-validates-as-required wpcf7-text wpcf7-validates-as-email\" aria-required=\"true\" aria-invalid=\"false\" placeholder=\"Votre e-mail\" value=\"\" type=\"email\" name=\"email-832\" \/><\/span> <\/label>\n\n<label><span class=\"wpcf7-form-control-wrap\" data-name=\"text-392\"><input size=\"40\" maxlength=\"400\" class=\"wpcf7-form-control wpcf7-text wpcf7-validates-as-required\" aria-required=\"true\" aria-invalid=\"false\" placeholder=\"Num\u00e9ro de t\u00e9l\u00e9phone\" value=\"\" type=\"text\" name=\"text-392\" \/><\/span><\/label>\n\n<label> <span class=\"wpcf7-form-control-wrap\" data-name=\"YourMessageHere\"><textarea cols=\"40\" rows=\"10\" maxlength=\"2000\" class=\"wpcf7-form-control wpcf7-textarea\" aria-invalid=\"false\" placeholder=\"Votre message\" name=\"YourMessageHere\"><\/textarea><\/span><\/label>\n<input class=\"wpcf7-form-control wpcf7-submit has-spinner Sumbit\" id=\"Sumbit\" type=\"submit\" value=\"Envoyez\" \/><div class=\"wpcf7-response-output\" aria-hidden=\"true\"><\/div>\n<\/form>\n<\/div>\n\n\n            <\/div><!-- aux-col-wrapper -->\n    <\/section><!-- widget-container -->\t\t\t\t<\/div>\n\t\t\t\t<\/div>\n\t\t\t\t<\/div>\n\t\t<div class=\"elementor-element elementor-element-b66a426 e-con-full e-flex e-con e-child\" data-id=\"b66a426\" data-element_type=\"container\">\n\t\t\t\t<div class=\"elementor-element elementor-element-1ad1509 elementor-widget elementor-widget-text-editor\" data-id=\"1ad1509\" data-element_type=\"widget\" data-widget_type=\"text-editor.default\">\n\t\t\t\t<div class=\"elementor-widget-container\">\n\t\t\t\t\t\t\t\t\t<p data-start=\"127\" data-end=\"411\"><strong data-start=\"127\" data-end=\"226\">Notre agence immobili\u00e8re vous propose une estimation professionnelle et gratuite de votre bien.<\/strong><br data-start=\"226\" data-end=\"229\" \/>Que vous souhaitiez vendre, louer ou simplement conna\u00eetre la valeur actuelle de votre maison ou de votre appartement, nous vous accompagnons avec une analyse pr\u00e9cise du march\u00e9 local.<\/p><p data-start=\"413\" data-end=\"628\">Nous nous d\u00e9pla\u00e7ons pour \u00e9valuer votre bien et vous fournir un avis de valeur clair, fiable et adapt\u00e9 aux tendances immobili\u00e8res du secteur.<br data-start=\"553\" data-end=\"556\" \/><strong data-start=\"556\" data-end=\"628\">Contactez-nous pour prendre rendez-vous et obtenir votre estimation.<\/strong><\/p>\t\t\t\t\t\t\t\t<\/div>\n\t\t\t\t<\/div>\n\t\t\t\t<\/div>\n\t\t\t\t\t<\/div>\n\t\t\t\t<\/div>\n\t\t<div class=\"aux-parallax-section elementor-element elementor-element-dc3ded0 e-flex e-con-boxed e-con e-parent\" data-id=\"dc3ded0\" data-element_type=\"container\">\n\t\t\t\t\t<div class=\"e-con-inner\">\n\t\t<div class=\"elementor-element elementor-element-11995b7 aux-appear-watch-animation aux-fade-in-right-1 e-con-full e-flex e-con e-child\" data-id=\"11995b7\" data-element_type=\"container\">\n\t\t\t\t<div class=\"elementor-element elementor-element-7c77a96 elementor-widget elementor-widget-aux_text\" data-id=\"7c77a96\" data-element_type=\"widget\" data-widget_type=\"aux_text.default\">\n\t\t\t\t<div class=\"elementor-widget-container\">\n\t\t\t\t\t<section class=\"widget-container aux-widget-text aux-parent-aub4accff9\">        <div class=\"aux-widget-advanced-text aux-wrap-style-simple aux-ico-pos-left aux-text-left aux-text-resp- aux-text-color-dark aux-text-widget-bg-center aux-text-no-content \" >\n        \n                            <div class=\"aux-text-widget-header \"  >\n                        <div class=\"aux-ico-box aux-ico-large aux-img-box aux-ico-shape-default aux-ico-clear \">\n                                                                <img decoding=\"async\" width=\"79\" height=\"39\" src=\"https:\/\/www.joliboisimmo.com\/wp-content\/uploads\/2019\/09\/noun_Email_254038.svg\" class=\"attachment-full size-full\" alt=\"\" \/>                                                    <\/div>\n                <\/div>\n            \n            <div class=\"aux-text-inner aux-text-widget-content\">\n                                <h4 class=\"col-title\"><a href=\"mailto:agnes@joliboisimmo.fr\">Email :<\/a><\/h4>\n                                <h5 class=\"col-subtitle\">agnes@joliboisimmo.fr<\/h5>\n\n                            <\/div>\n        <\/div>\n                    <div class=\"aux-text-widget-footer\">\n                <div class=\"aux-border-shape-none \">\n                                <\/div>\n            <\/div>\n        \n<\/section><!-- widget-container -->\t\t\t\t<\/div>\n\t\t\t\t<\/div>\n\t\t\t\t<\/div>\n\t\t<div class=\"elementor-element elementor-element-db858b6 aux-appear-watch-animation aux-fade-in-right-1 e-con-full e-flex e-con e-child\" data-id=\"db858b6\" data-element_type=\"container\">\n\t\t\t\t<div class=\"elementor-element elementor-element-c8ac86d elementor-widget elementor-widget-aux_text\" data-id=\"c8ac86d\" data-element_type=\"widget\" data-widget_type=\"aux_text.default\">\n\t\t\t\t<div class=\"elementor-widget-container\">\n\t\t\t\t\t<section class=\"widget-container aux-widget-text aux-parent-aucb7edff2\">        <div class=\"aux-widget-advanced-text aux-wrap-style-simple aux-ico-pos-left aux-text-left aux-text-resp- aux-text-color-dark aux-text-widget-bg-center aux-text-no-content \" >\n        \n                            <div class=\"aux-text-widget-header \"  >\n                        <div class=\"aux-ico-box aux-ico-large aux-img-box aux-ico-shape-default aux-ico-clear \">\n                                                                <img decoding=\"async\" width=\"43\" height=\"43\" src=\"https:\/\/www.joliboisimmo.com\/wp-content\/uploads\/2019\/09\/noun_Phone_17950751.svg\" class=\"attachment-full size-full\" alt=\"\" \/>                                                    <\/div>\n                <\/div>\n            \n            <div class=\"aux-text-inner aux-text-widget-content\">\n                                <h4 class=\"col-title\">T\u00e9l\u00e9phone :<\/h4>\n                                <h5 class=\"col-subtitle\">06.42.72.59.76<\/h5>\n\n                            <\/div>\n        <\/div>\n                    <div class=\"aux-text-widget-footer\">\n                <div class=\"aux-border-shape-none \">\n                                <\/div>\n            <\/div>\n        \n<\/section><!-- widget-container -->\t\t\t\t<\/div>\n\t\t\t\t<\/div>\n\t\t\t\t<\/div>\n\t\t<div class=\"elementor-element elementor-element-a90ca97 aux-appear-watch-animation aux-fade-in-right-1 e-con-full e-flex e-con e-child\" data-id=\"a90ca97\" data-element_type=\"container\">\n\t\t\t\t<div class=\"elementor-element elementor-element-76b1c42 elementor-widget elementor-widget-aux_text\" data-id=\"76b1c42\" data-element_type=\"widget\" data-widget_type=\"aux_text.default\">\n\t\t\t\t<div class=\"elementor-widget-container\">\n\t\t\t\t\t<section class=\"widget-container aux-widget-text aux-parent-auf2ae93ca\">        <div class=\"aux-widget-advanced-text aux-wrap-style-simple aux-ico-pos-left aux-text-left aux-text-resp- aux-text-color-dark aux-text-widget-bg-center  \" >\n        \n                            <div class=\"aux-text-widget-header \"  >\n                        <div class=\"aux-ico-box aux-ico-large aux-img-box aux-ico-shape-default aux-ico-clear \">\n                                                                <img decoding=\"async\" width=\"34\" height=\"49\" src=\"https:\/\/www.joliboisimmo.com\/wp-content\/uploads\/2019\/10\/noun_Location_19355641.svg\" class=\"attachment-full size-full\" alt=\"\" \/>                                                    <\/div>\n                <\/div>\n            \n            <div class=\"aux-text-inner aux-text-widget-content\">\n                                <h4 class=\"col-title\">Adresse<\/h4>\n                                <h5 class=\"col-subtitle\">54400 Cosnes-et-Romain<\/h5>\n\n                                <div class=\"widget-content\">\n                                        <h5 class=\"col-subtitle\">56 Rue du Bearn<\/h5>                <\/div>\n                            <\/div>\n        <\/div>\n                    <div class=\"aux-text-widget-footer\">\n                <div class=\"aux-border-shape-none \">\n                                <\/div>\n            <\/div>\n        \n<\/section><!-- widget-container -->\t\t\t\t<\/div>\n\t\t\t\t<\/div>\n\t\t\t\t<\/div>\n\t\t\t\t\t<\/div>\n\t\t\t\t<\/div>\n\t\t\t\t<\/div>\n\t\t","protected":false},"excerpt":{"rendered":"<p>Contacter JOLIBOIS IMMOBILIER Prenez contact Nous sommes ravis de vous accompagner dans votre projet immobilier\u00a0 Notre agence immobili\u00e8re vous propose une estimation professionnelle et gratuite de votre bien.Que vous souhaitiez vendre, louer ou simplement conna\u00eetre la valeur actuelle de votre maison ou de votre appartement, nous vous accompagnons avec une analyse pr\u00e9cise du march\u00e9 local. [&hellip;]<\/p>\n","protected":false},"author":1,"featured_media":0,"parent":0,"menu_order":0,"comment_status":"closed","ping_status":"closed","template":"templates\/page-builder-content.php","meta":{"footnotes":""},"class_list":["post-696","page","type-page","status-publish","hentry"],"_links":{"self":[{"href":"https:\/\/www.joliboisimmo.com\/index.php\/wp-json\/wp\/v2\/pages\/696","targetHints":{"allow":["GET"]}}],"collection":[{"href":"https:\/\/www.joliboisimmo.com\/index.php\/wp-json\/wp\/v2\/pages"}],"about":[{"href":"https:\/\/www.joliboisimmo.com\/index.php\/wp-json\/wp\/v2\/types\/page"}],"author":[{"embeddable":true,"href":"https:\/\/www.joliboisimmo.com\/index.php\/wp-json\/wp\/v2\/users\/1"}],"replies":[{"embeddable":true,"href":"https:\/\/www.joliboisimmo.com\/index.php\/wp-json\/wp\/v2\/comments?post=696"}],"version-history":[{"count":11,"href":"https:\/\/www.joliboisimmo.com\/index.php\/wp-json\/wp\/v2\/pages\/696\/revisions"}],"predecessor-version":[{"id":798,"href":"https:\/\/www.joliboisimmo.com\/index.php\/wp-json\/wp\/v2\/pages\/696\/revisions\/798"}],"wp:attachment":[{"href":"https:\/\/www.joliboisimmo.com\/index.php\/wp-json\/wp\/v2\/media?parent=696"}],"curies":[{"name":"wp","href":"https:\/\/api.w.org\/{rel}","templated":true}]}}