{"id":467,"date":"2025-04-13T11:07:31","date_gmt":"2025-04-13T09:07:31","guid":{"rendered":"http:\/\/dkjtktw.cluster100.hosting.ovh.net\/?page_id=467"},"modified":"2025-04-13T11:19:15","modified_gmt":"2025-04-13T09:19:15","slug":"nos-service-immobiliers-jolibois-immobilier","status":"publish","type":"page","link":"https:\/\/www.joliboisimmo.com\/index.php\/nos-service-immobiliers-jolibois-immobilier\/","title":{"rendered":"Nos services immobiliers JOLIBOIS IMMOBILIER"},"content":{"rendered":"\t\t<div data-elementor-type=\"wp-page\" data-elementor-id=\"467\" class=\"elementor elementor-467\">\n\t\t\t\t<div class=\"aux-parallax-section elementor-element elementor-element-6a51310 e-flex e-con-boxed e-con e-parent\" data-id=\"6a51310\" data-element_type=\"container\">\n\t\t\t\t\t<div class=\"e-con-inner\">\n\t\t<div class=\"elementor-element elementor-element-d29530c e-con-full e-flex e-con e-child\" data-id=\"d29530c\" data-element_type=\"container\">\n\t\t\t\t<div class=\"elementor-element elementor-element-ad1e742 aux-appear-watch-animation aux-fade-in-up elementor-widget__width-initial elementor-widget elementor-widget-aux_modern_heading\" data-id=\"ad1e742\" data-element_type=\"widget\" data-widget_type=\"aux_modern_heading.default\">\n\t\t\t\t<div class=\"elementor-widget-container\">\n\t\t\t\t\t<section class=\"aux-widget-modern-heading\">\n            <div class=\"aux-widget-inner\"><h2 class=\"aux-modern-heading-primary\">Des experts en immobilier \u00e0 votre service<\/h2><h3 class=\"aux-modern-heading-secondary\"><span class=\"aux-head-before\">Nos services<\/span><\/h3><div class=\"aux-modern-heading-description\"><p>Bienvenue sur le site de l\u2019agence immobili\u00e8re\u00a0<strong>JOLIBOIS IMMOBILIER \u00e0 Cosnes-et-Romain<\/strong><\/p><p>Notre \u00e9quipe d'experts en immobilier se tient \u00e0 votre disposition pour vous accompagner \u00e0 chaque \u00e9tape de votre projet. Nous proposons une gamme de services diversifi\u00e9s tels que<strong> l'estimation de biens immobiliers, le recherche de biens, l'accompagnement dans la vente ou l'achat de biens, et biens d'autres services.<\/strong><\/p><p>Nous sommes fiers de servir la communaut\u00e9 locale et sommes impatients de r\u00e9pondre \u00e0 vos besoins en mati\u00e8re d'investissement immobilier. Nous avons une connaissance approfondie des march\u00e9s immobiliers locaux et nous sommes heureux de partager notre expertise avec vous.<\/p><p>Contactez-nous sans h\u00e9siter !<br \/>L'Equipe de l'agence immobili\u00e8re\u00a0<strong>JOLIBOIS IMMOBILIER<\/strong>.<\/p><\/div><\/div>\n        <\/section>\t\t\t\t<\/div>\n\t\t\t\t<\/div>\n\t\t\t\t<\/div>\n\t\t<div class=\"elementor-element elementor-element-8b65242 e-con-full e-flex e-con e-child\" data-id=\"8b65242\" data-element_type=\"container\">\n\t\t\t\t<div class=\"elementor-element elementor-element-ea1435a aux-appear-watch-animation aux-fade-in-down elementor-widget elementor-widget-aux_image\" data-id=\"ea1435a\" data-element_type=\"widget\" data-widget_type=\"aux_image.default\">\n\t\t\t\t<div class=\"elementor-widget-container\">\n\t\t\t\t\t<section class=\"widget-container aux-widget-image aux-alignnone aux-parent-au8c9a386f\">\n    <div class=\"aux-media-hint-frame \">\n        <div class=\"aux-media-image \" >\n        \n            \n\n            \n            <img fetchpriority=\"high\" decoding=\"async\" width=\"470\" height=\"310\" src=\"data:image\/gif;base64,R0lGODlhAQABAIAAAAAAAP\/\/\/yH5BAEAAAAALAAAAAABAAEAAAIBRAA7\" class=\"aux-attachment aux-featured-image aux-attachment-id-474 aux-preload aux-blank\" alt=\"Jolibois immobilier nos services\" data-ratio=\"1\" data-original-w=\"470\" sizes=\"auto\" data-srcset=\"https:\/\/www.joliboisimmo.com\/wp-content\/uploads\/2025\/04\/services-img-01-470x310-1-150x150.jpg 150w,https:\/\/www.joliboisimmo.com\/wp-content\/uploads\/2025\/04\/services-img-01-470x310-1-300x300.jpg 300w,https:\/\/www.joliboisimmo.com\/wp-content\/uploads\/2025\/04\/services-img-01-470x310-1.jpg 470w\" data-src=\"https:\/\/www.joliboisimmo.com\/wp-content\/uploads\/2025\/04\/services-img-01-470x310-1.jpg\" \/>            \n                <\/div>\n    <\/div>\n\n<\/section><!-- widget-container -->\t\t\t\t<\/div>\n\t\t\t\t<\/div>\n\t\t\t\t<div class=\"elementor-element elementor-element-4864e83 aux-appear-watch-animation aux-fade-in-up-1 elementor-widget elementor-widget-aux_modern_button\" data-id=\"4864e83\" data-element_type=\"widget\" data-widget_type=\"aux_modern_button.default\">\n\t\t\t\t<div class=\"elementor-widget-container\">\n\t\t\t\t\t    <div class=\"aux-modern-button-wrapper aux-modern-button-align-center\" >\n                    <a class=\"aux-modern-button aux-black aux-modern-button-md aux-modern-button-normal aux-modern-button-default aux-icon-\" href=\"https:\/\/www.joliboisimmo.com\/index.php\/contact\/\">\n                <div class=\"aux-overlay\"><\/div>\n                                    <div class=\"aux-icon \">\n                                            <\/div>\n                                <div class=\"aux-text\">\n<span class=\"aux-text-before\">Contactez-nous !<\/span>                <\/div>\n            <\/a>\n            \n    <\/div>\n\n    \t\t\t\t<\/div>\n\t\t\t\t<\/div>\n\t\t\t\t<\/div>\n\t\t\t\t\t<\/div>\n\t\t\t\t<\/div>\n\t\t\t\t<\/div>\n\t\t","protected":false},"excerpt":{"rendered":"<p>Des experts en immobilier \u00e0 votre service Nos services Bienvenue sur le site de l\u2019agence immobili\u00e8re\u00a0JOLIBOIS IMMOBILIER \u00e0 Cosnes-et-Romain Notre \u00e9quipe d&rsquo;experts en immobilier se tient \u00e0 votre disposition pour vous accompagner \u00e0 chaque \u00e9tape de votre projet. Nous proposons une gamme de services diversifi\u00e9s tels que l&rsquo;estimation de biens immobiliers, le recherche de biens, [&hellip;]<\/p>\n","protected":false},"author":1,"featured_media":0,"parent":0,"menu_order":0,"comment_status":"closed","ping_status":"closed","template":"templates\/page-builder-content.php","meta":{"footnotes":""},"class_list":["post-467","page","type-page","status-publish","hentry"],"_links":{"self":[{"href":"https:\/\/www.joliboisimmo.com\/index.php\/wp-json\/wp\/v2\/pages\/467","targetHints":{"allow":["GET"]}}],"collection":[{"href":"https:\/\/www.joliboisimmo.com\/index.php\/wp-json\/wp\/v2\/pages"}],"about":[{"href":"https:\/\/www.joliboisimmo.com\/index.php\/wp-json\/wp\/v2\/types\/page"}],"author":[{"embeddable":true,"href":"https:\/\/www.joliboisimmo.com\/index.php\/wp-json\/wp\/v2\/users\/1"}],"replies":[{"embeddable":true,"href":"https:\/\/www.joliboisimmo.com\/index.php\/wp-json\/wp\/v2\/comments?post=467"}],"version-history":[{"count":11,"href":"https:\/\/www.joliboisimmo.com\/index.php\/wp-json\/wp\/v2\/pages\/467\/revisions"}],"predecessor-version":[{"id":483,"href":"https:\/\/www.joliboisimmo.com\/index.php\/wp-json\/wp\/v2\/pages\/467\/revisions\/483"}],"wp:attachment":[{"href":"https:\/\/www.joliboisimmo.com\/index.php\/wp-json\/wp\/v2\/media?parent=467"}],"curies":[{"name":"wp","href":"https:\/\/api.w.org\/{rel}","templated":true}]}}