{"id":363,"date":"2019-10-03T07:59:25","date_gmt":"2019-10-03T05:59:25","guid":{"rendered":"http:\/\/dkjtktw.cluster100.hosting.ovh.net\/index.php\/about-us\/"},"modified":"2025-04-18T15:33:40","modified_gmt":"2025-04-18T13:33:40","slug":"agence","status":"publish","type":"page","link":"https:\/\/www.joliboisimmo.com\/index.php\/agence\/","title":{"rendered":"L&rsquo;Agence Jolisbois Immobilier"},"content":{"rendered":"\t\t<div data-elementor-type=\"wp-page\" data-elementor-id=\"363\" class=\"elementor elementor-363\">\n\t\t\t\t<div class=\"aux-parallax-section elementor-element elementor-element-6a51310 e-flex e-con-boxed e-con e-parent\" data-id=\"6a51310\" data-element_type=\"container\">\n\t\t\t\t\t<div class=\"e-con-inner\">\n\t\t<div class=\"elementor-element elementor-element-d29530c e-con-full e-flex e-con e-child\" data-id=\"d29530c\" data-element_type=\"container\">\n\t\t\t\t<div class=\"elementor-element elementor-element-ad1e742 aux-appear-watch-animation aux-fade-in-up elementor-widget__width-initial elementor-widget elementor-widget-aux_modern_heading\" data-id=\"ad1e742\" data-element_type=\"widget\" data-widget_type=\"aux_modern_heading.default\">\n\t\t\t\t<div class=\"elementor-widget-container\">\n\t\t\t\t\t<section class=\"aux-widget-modern-heading\">\n            <div class=\"aux-widget-inner\"><h2 class=\"aux-modern-heading-primary\">Poussez la porte de notre agence<\/h2><h3 class=\"aux-modern-heading-secondary\"><span class=\"aux-head-before\">Bienvenue <\/span><\/h3><div class=\"aux-modern-heading-description\"><p>Bienvenue sur le site de l'agence immobili\u00e8re\u00a0<strong>JOLIBOIS IMMOBILIER \u00e0 Cosnes-et-Romain.<\/strong><\/p><p>Vous d\u00e9couvrirez la jovialit\u00e9 de mes collaborateurs.<\/p><p>Vous rencontrerez une toute petite dame souriante, c\u2019est moi.<br \/><strong>Agn\u00e8s Jolibois la responsable de l\u2019agence \u00e2g\u00e9e de 69 ans.<\/strong>\u00a0Ma passion du m\u00e9tier n\u2019est pas le temps qui passe, je le crois.<\/p><p>Pr\u00e9sente dans la profession depuis d\u00e9j\u00e0 bien longtemps, apr\u00e8s une exp\u00e9rience dans le monde artistique, je crois pouvoir vous apporter, avec l\u2019\u00e9quipe, ce que vous attendez d\u2019une agence immobili\u00e8re : l\u2019\u00e9coute de votre demande, le conseil et la d\u00e9marche appropri\u00e9e pour la r\u00e9alisation du projet.<br \/>Et cela sans ing\u00e9rence, dans la s\u00e9r\u00e9nit\u00e9 et la confiance.<\/p><p><strong>Croyez-moi notre agence est particuli\u00e8re.<\/strong><\/p><p>Nous sommes ravis de vous accompaner dans vos projets.\u00a0 Que vous soyez <strong>investisseur, un client particulier, un client commercial<\/strong> ou que vous souhaitiez d\u00e9velopper votre <strong>activit\u00e9 fonci\u00e8re<\/strong>, nous sommes l\u00e0 pour vous aider.<\/p><\/div><\/div>\n        <\/section>\t\t\t\t<\/div>\n\t\t\t\t<\/div>\n\t\t\t\t<\/div>\n\t\t<div class=\"elementor-element elementor-element-8b65242 e-con-full e-flex e-con e-child\" data-id=\"8b65242\" data-element_type=\"container\">\n\t\t\t\t<div class=\"elementor-element elementor-element-ea1435a aux-appear-watch-animation aux-fade-in-down elementor-widget elementor-widget-aux_image\" data-id=\"ea1435a\" data-element_type=\"widget\" data-widget_type=\"aux_image.default\">\n\t\t\t\t<div class=\"elementor-widget-container\">\n\t\t\t\t\t<section class=\"widget-container aux-widget-image aux-alignnone aux-parent-au46c3b308\">\n    <div class=\"aux-media-hint-frame \">\n        <div class=\"aux-media-image \" >\n        \n            \n\n            \n            <img fetchpriority=\"high\" decoding=\"async\" width=\"300\" height=\"300\" src=\"data:image\/gif;base64,R0lGODlhAQABAIAAAAAAAP\/\/\/yH5BAEAAAAALAAAAAABAAEAAAIBRAA7\" class=\"aux-attachment aux-featured-image aux-attachment-id-412 aux-preload aux-blank\" alt=\"Photo Agn\u00e8s GAUDARD JOLIBOIS\" data-ratio=\"1\" data-original-w=\"676\" sizes=\"auto\" data-srcset=\"https:\/\/www.joliboisimmo.com\/wp-content\/uploads\/2025\/04\/Photo-Agnes-GAUDARD-150x150.jpg 150w,https:\/\/www.joliboisimmo.com\/wp-content\/uploads\/2025\/04\/Photo-Agnes-GAUDARD-300x300.jpg 300w,https:\/\/www.joliboisimmo.com\/wp-content\/uploads\/2025\/04\/Photo-Agnes-GAUDARD-300x300.jpg 300w\" data-src=\"https:\/\/www.joliboisimmo.com\/wp-content\/uploads\/2025\/04\/Photo-Agnes-GAUDARD-300x300.jpg\" \/>            \n                <\/div>\n    <\/div>\n\n<\/section><!-- widget-container -->\t\t\t\t<\/div>\n\t\t\t\t<\/div>\n\t\t<div class=\"elementor-element elementor-element-5b2c879 e-con-full e-flex e-con e-child\" data-id=\"5b2c879\" data-element_type=\"container\">\n\t\t\t\t<div class=\"elementor-element elementor-element-a79d859 elementor-widget elementor-widget-text-editor\" data-id=\"a79d859\" data-element_type=\"widget\" data-widget_type=\"text-editor.default\">\n\t\t\t\t<div class=\"elementor-widget-container\">\n\t\t\t\t\t\t\t\t\t<p><strong>Agn\u00e8s JOLIBOIS<\/strong><\/p><p>Directrice &#8211; 06. 42. 72. 59. 76\u00a0 &#8211; <a href=\"mailto:agnes@joliboisimmo.fr\">agnes@joliboisimmo.fr<\/a><\/p>\t\t\t\t\t\t\t\t<\/div>\n\t\t\t\t<\/div>\n\t\t\t\t<\/div>\n\t\t<div class=\"elementor-element elementor-element-ce520a2 e-con-full e-flex e-con e-child\" data-id=\"ce520a2\" data-element_type=\"container\">\n\t\t\t\t<div class=\"elementor-element elementor-element-c3bfd77 elementor-widget elementor-widget-text-editor\" data-id=\"c3bfd77\" data-element_type=\"widget\" data-widget_type=\"text-editor.default\">\n\t\t\t\t<div class=\"elementor-widget-container\">\n\t\t\t\t\t\t\t\t\t<p>N&rsquo;h\u00e9sitez pas \u00e0 nous contacter pour toute question ou demande de renseignements. Nous sommes \u00e0 votre disposition pour vous accompagner dans toutes les \u00e9tapes de votre projet immobilier.<\/p>\t\t\t\t\t\t\t\t<\/div>\n\t\t\t\t<\/div>\n\t\t\t\t<\/div>\n\t\t\t\t<div class=\"elementor-element elementor-element-4864e83 aux-appear-watch-animation aux-fade-in-up-1 elementor-widget elementor-widget-aux_modern_button\" data-id=\"4864e83\" data-element_type=\"widget\" data-widget_type=\"aux_modern_button.default\">\n\t\t\t\t<div class=\"elementor-widget-container\">\n\t\t\t\t\t    <div class=\"aux-modern-button-wrapper aux-modern-button-align-left\" >\n                    <a class=\"aux-modern-button aux-black aux-modern-button-md aux-modern-button-normal aux-modern-button-default aux-icon-\" href=\"https:\/\/www.joliboisimmo.com\/index.php\/contact\/\">\n                <div class=\"aux-overlay\"><\/div>\n                                    <div class=\"aux-icon \">\n                                            <\/div>\n                                <div class=\"aux-text\">\n<span class=\"aux-text-before\">Contactez-nous !<\/span>                <\/div>\n            <\/a>\n            \n    <\/div>\n\n    \t\t\t\t<\/div>\n\t\t\t\t<\/div>\n\t\t\t\t<\/div>\n\t\t\t\t\t<\/div>\n\t\t\t\t<\/div>\n\t\t\t\t<\/div>\n\t\t","protected":false},"excerpt":{"rendered":"<p>Poussez la porte de notre agence Bienvenue Bienvenue sur le site de l&rsquo;agence immobili\u00e8re\u00a0JOLIBOIS IMMOBILIER \u00e0 Cosnes-et-Romain. Vous d\u00e9couvrirez la jovialit\u00e9 de mes collaborateurs. Vous rencontrerez une toute petite dame souriante, c\u2019est moi.Agn\u00e8s Jolibois la responsable de l\u2019agence \u00e2g\u00e9e de 69 ans.\u00a0Ma passion du m\u00e9tier n\u2019est pas le temps qui passe, je le crois. Pr\u00e9sente [&hellip;]<\/p>\n","protected":false},"author":1,"featured_media":0,"parent":0,"menu_order":0,"comment_status":"closed","ping_status":"closed","template":"templates\/page-builder-content.php","meta":{"footnotes":""},"class_list":["post-363","page","type-page","status-publish","hentry"],"_links":{"self":[{"href":"https:\/\/www.joliboisimmo.com\/index.php\/wp-json\/wp\/v2\/pages\/363","targetHints":{"allow":["GET"]}}],"collection":[{"href":"https:\/\/www.joliboisimmo.com\/index.php\/wp-json\/wp\/v2\/pages"}],"about":[{"href":"https:\/\/www.joliboisimmo.com\/index.php\/wp-json\/wp\/v2\/types\/page"}],"author":[{"embeddable":true,"href":"https:\/\/www.joliboisimmo.com\/index.php\/wp-json\/wp\/v2\/users\/1"}],"replies":[{"embeddable":true,"href":"https:\/\/www.joliboisimmo.com\/index.php\/wp-json\/wp\/v2\/comments?post=363"}],"version-history":[{"count":32,"href":"https:\/\/www.joliboisimmo.com\/index.php\/wp-json\/wp\/v2\/pages\/363\/revisions"}],"predecessor-version":[{"id":445,"href":"https:\/\/www.joliboisimmo.com\/index.php\/wp-json\/wp\/v2\/pages\/363\/revisions\/445"}],"wp:attachment":[{"href":"https:\/\/www.joliboisimmo.com\/index.php\/wp-json\/wp\/v2\/media?parent=363"}],"curies":[{"name":"wp","href":"https:\/\/api.w.org\/{rel}","templated":true}]}}