{"id":362,"date":"2019-10-03T09:02:18","date_gmt":"2019-10-03T07:02:18","guid":{"rendered":"http:\/\/dkjtktw.cluster100.hosting.ovh.net\/index.php\/contact-us\/"},"modified":"2025-12-01T12:20:41","modified_gmt":"2025-12-01T11:20:41","slug":"contact","status":"publish","type":"page","link":"https:\/\/www.joliboisimmo.com\/index.php\/contact\/","title":{"rendered":"Contact"},"content":{"rendered":"\t\t<div data-elementor-type=\"wp-page\" data-elementor-id=\"362\" class=\"elementor elementor-362\">\n\t\t\t\t<div class=\"aux-parallax-section elementor-element elementor-element-7c6abc6 e-flex e-con-boxed e-con e-parent\" data-id=\"7c6abc6\" data-element_type=\"container\">\n\t\t\t\t\t<div class=\"e-con-inner\">\n\t\t<div class=\"elementor-element elementor-element-1dd0e61 e-con-full e-flex e-con e-child\" data-id=\"1dd0e61\" data-element_type=\"container\">\n\t\t\t\t<div class=\"elementor-element elementor-element-736d4e2 aux-appear-watch-animation aux-fade-in-up elementor-widget elementor-widget-aux_modern_heading\" data-id=\"736d4e2\" data-element_type=\"widget\" data-widget_type=\"aux_modern_heading.default\">\n\t\t\t\t<div class=\"elementor-widget-container\">\n\t\t\t\t\t<section class=\"aux-widget-modern-heading\">\n            <div class=\"aux-widget-inner\"><h2 class=\"aux-modern-heading-primary\">Contacter JOLIBOIS IMMOBILIER<\/h2><h3 class=\"aux-modern-heading-secondary\"><span class=\"aux-head-before\">Prenez contact<\/span><\/h3><div class=\"aux-modern-heading-description\"><p>Nous sommes ravis de vous accompagner dans votre projet immobilier\u00a0<\/p><\/div><\/div>\n        <\/section>\t\t\t\t<\/div>\n\t\t\t\t<\/div>\n\t\t\t\t<div class=\"elementor-element elementor-element-f59b093 aux-appear-watch-animation aux-fade-in-up elementor-widget elementor-widget-aux_contact_form\" data-id=\"f59b093\" data-element_type=\"widget\" data-widget_type=\"aux_contact_form.default\">\n\t\t\t\t<div class=\"elementor-widget-container\">\n\t\t\t\t\t<section class=\"widget-container aux-widget-contact-form aux-parent-aua05175dc\">            <div class=\"aux-col-wrapper aux-no-gutter\">\n            <!-- @TODO - The output for element here -->\n\n            \n<div class=\"wpcf7 no-js\" id=\"wpcf7-f361-o1\" lang=\"en-US\" dir=\"ltr\" data-wpcf7-id=\"361\">\n<div class=\"screen-reader-response\"><p role=\"status\" aria-live=\"polite\" aria-atomic=\"true\"><\/p> <ul><\/ul><\/div>\n<form action=\"\/index.php\/wp-json\/wp\/v2\/pages\/362#wpcf7-f361-o1\" method=\"post\" class=\"wpcf7-form init\" aria-label=\"Contact form\" novalidate=\"novalidate\" data-status=\"init\">\n<fieldset class=\"hidden-fields-container\"><input type=\"hidden\" name=\"_wpcf7\" value=\"361\" \/><input type=\"hidden\" name=\"_wpcf7_version\" value=\"6.1.4\" \/><input type=\"hidden\" name=\"_wpcf7_locale\" value=\"en_US\" \/><input type=\"hidden\" name=\"_wpcf7_unit_tag\" value=\"wpcf7-f361-o1\" \/><input type=\"hidden\" name=\"_wpcf7_container_post\" value=\"0\" \/><input type=\"hidden\" name=\"_wpcf7_posted_data_hash\" value=\"\" \/>\n<\/fieldset>\n<label><span class=\"wpcf7-form-control-wrap\" data-name=\"text-913\"><input size=\"40\" maxlength=\"400\" class=\"wpcf7-form-control wpcf7-text\" aria-invalid=\"false\" placeholder=\"Nom et pr\u00e9nom\" value=\"\" type=\"text\" name=\"text-913\" \/><\/span> <\/label>\n<label><span class=\"wpcf7-form-control-wrap\" data-name=\"email-832\"><input size=\"40\" maxlength=\"400\" class=\"wpcf7-form-control wpcf7-email wpcf7-validates-as-required wpcf7-text wpcf7-validates-as-email\" aria-required=\"true\" aria-invalid=\"false\" placeholder=\"Votre e-mail\" value=\"\" type=\"email\" name=\"email-832\" \/><\/span> <\/label>\n\n<label><span class=\"wpcf7-form-control-wrap\" data-name=\"text-392\"><input size=\"40\" maxlength=\"400\" class=\"wpcf7-form-control wpcf7-text wpcf7-validates-as-required\" aria-required=\"true\" aria-invalid=\"false\" placeholder=\"Num\u00e9ro de t\u00e9l\u00e9phone\" value=\"\" type=\"text\" name=\"text-392\" \/><\/span><\/label>\n\n<label> <span class=\"wpcf7-form-control-wrap\" data-name=\"YourMessageHere\"><textarea cols=\"40\" rows=\"10\" maxlength=\"2000\" class=\"wpcf7-form-control wpcf7-textarea\" aria-invalid=\"false\" placeholder=\"Votre message\" name=\"YourMessageHere\"><\/textarea><\/span><\/label>\n<input class=\"wpcf7-form-control wpcf7-submit has-spinner Sumbit\" id=\"Sumbit\" type=\"submit\" value=\"Envoyez\" \/><div class=\"wpcf7-response-output\" aria-hidden=\"true\"><\/div>\n<\/form>\n<\/div>\n\n\n            <\/div><!-- aux-col-wrapper -->\n    <\/section><!-- widget-container -->\t\t\t\t<\/div>\n\t\t\t\t<\/div>\n\t\t\t\t<\/div>\n\t\t\t\t\t<\/div>\n\t\t\t\t<\/div>\n\t\t<div class=\"aux-parallax-section elementor-element elementor-element-dc3ded0 e-flex e-con-boxed e-con e-parent\" data-id=\"dc3ded0\" data-element_type=\"container\">\n\t\t\t\t\t<div class=\"e-con-inner\">\n\t\t<div class=\"elementor-element elementor-element-11995b7 aux-appear-watch-animation aux-fade-in-right-1 e-con-full e-flex e-con e-child\" data-id=\"11995b7\" data-element_type=\"container\">\n\t\t\t\t<div class=\"elementor-element elementor-element-7c77a96 elementor-widget elementor-widget-aux_text\" data-id=\"7c77a96\" data-element_type=\"widget\" data-widget_type=\"aux_text.default\">\n\t\t\t\t<div class=\"elementor-widget-container\">\n\t\t\t\t\t<section class=\"widget-container aux-widget-text aux-parent-au77426f13\">        <div class=\"aux-widget-advanced-text aux-wrap-style-simple aux-ico-pos-left aux-text-left aux-text-resp- aux-text-color-dark aux-text-widget-bg-center aux-text-no-content \" >\n        \n                            <div class=\"aux-text-widget-header \"  >\n                        <div class=\"aux-ico-box aux-ico-large aux-img-box aux-ico-shape-default aux-ico-clear \">\n                                                                <img decoding=\"async\" width=\"79\" height=\"39\" src=\"https:\/\/www.joliboisimmo.com\/wp-content\/uploads\/2019\/09\/noun_Email_254038.svg\" class=\"attachment-full size-full\" alt=\"\" \/>                                                    <\/div>\n                <\/div>\n            \n            <div class=\"aux-text-inner aux-text-widget-content\">\n                                <h4 class=\"col-title\"><a href=\"mailto:agnes@joliboisimmo.fr\">Email :<\/a><\/h4>\n                                <h5 class=\"col-subtitle\">agnes@joliboisimmo.fr<\/h5>\n\n                            <\/div>\n        <\/div>\n                    <div class=\"aux-text-widget-footer\">\n                <div class=\"aux-border-shape-none \">\n                                <\/div>\n            <\/div>\n        \n<\/section><!-- widget-container -->\t\t\t\t<\/div>\n\t\t\t\t<\/div>\n\t\t\t\t<\/div>\n\t\t<div class=\"elementor-element elementor-element-db858b6 aux-appear-watch-animation aux-fade-in-right-1 e-con-full e-flex e-con e-child\" data-id=\"db858b6\" data-element_type=\"container\">\n\t\t\t\t<div class=\"elementor-element elementor-element-c8ac86d elementor-widget elementor-widget-aux_text\" data-id=\"c8ac86d\" data-element_type=\"widget\" data-widget_type=\"aux_text.default\">\n\t\t\t\t<div class=\"elementor-widget-container\">\n\t\t\t\t\t<section class=\"widget-container aux-widget-text aux-parent-au52a1f285\">        <div class=\"aux-widget-advanced-text aux-wrap-style-simple aux-ico-pos-left aux-text-left aux-text-resp- aux-text-color-dark aux-text-widget-bg-center aux-text-no-content \" >\n        \n                            <div class=\"aux-text-widget-header \"  >\n                        <div class=\"aux-ico-box aux-ico-large aux-img-box aux-ico-shape-default aux-ico-clear \">\n                                                                <img decoding=\"async\" width=\"43\" height=\"43\" src=\"https:\/\/www.joliboisimmo.com\/wp-content\/uploads\/2019\/09\/noun_Phone_17950751.svg\" class=\"attachment-full size-full\" alt=\"\" \/>                                                    <\/div>\n                <\/div>\n            \n            <div class=\"aux-text-inner aux-text-widget-content\">\n                                <h4 class=\"col-title\">T\u00e9lephone :<\/h4>\n                                <h5 class=\"col-subtitle\">+33 6 42 72 59 76<\/h5>\n\n                            <\/div>\n        <\/div>\n                    <div class=\"aux-text-widget-footer\">\n                <div class=\"aux-border-shape-none \">\n                                <\/div>\n            <\/div>\n        \n<\/section><!-- widget-container -->\t\t\t\t<\/div>\n\t\t\t\t<\/div>\n\t\t\t\t<\/div>\n\t\t<div class=\"elementor-element elementor-element-a90ca97 aux-appear-watch-animation aux-fade-in-right-1 e-con-full e-flex e-con e-child\" data-id=\"a90ca97\" data-element_type=\"container\">\n\t\t\t\t<div class=\"elementor-element elementor-element-76b1c42 elementor-widget elementor-widget-aux_text\" data-id=\"76b1c42\" data-element_type=\"widget\" data-widget_type=\"aux_text.default\">\n\t\t\t\t<div class=\"elementor-widget-container\">\n\t\t\t\t\t<section class=\"widget-container aux-widget-text aux-parent-au850f7760\">        <div class=\"aux-widget-advanced-text aux-wrap-style-simple aux-ico-pos-left aux-text-left aux-text-resp- aux-text-color-dark aux-text-widget-bg-center  \" >\n        \n                            <div class=\"aux-text-widget-header \"  >\n                        <div class=\"aux-ico-box aux-ico-large aux-img-box aux-ico-shape-default aux-ico-clear \">\n                                                                <img decoding=\"async\" width=\"34\" height=\"49\" src=\"https:\/\/www.joliboisimmo.com\/wp-content\/uploads\/2019\/10\/noun_Location_19355641.svg\" class=\"attachment-full size-full\" alt=\"\" \/>                                                    <\/div>\n                <\/div>\n            \n            <div class=\"aux-text-inner aux-text-widget-content\">\n                                <h4 class=\"col-title\">Addresse :<\/h4>\n                                <h5 class=\"col-subtitle\">54400 Cosnes-et-Romain<\/h5>\n\n                                <div class=\"widget-content\">\n                                        <p>56 Rue du Bearn<\/p>                <\/div>\n                            <\/div>\n        <\/div>\n                    <div class=\"aux-text-widget-footer\">\n                <div class=\"aux-border-shape-none \">\n                                <\/div>\n            <\/div>\n        \n<\/section><!-- widget-container -->\t\t\t\t<\/div>\n\t\t\t\t<\/div>\n\t\t\t\t<\/div>\n\t\t\t\t\t<\/div>\n\t\t\t\t<\/div>\n\t\t\t\t<\/div>\n\t\t","protected":false},"excerpt":{"rendered":"<p>Contacter JOLIBOIS IMMOBILIER Prenez contact Nous sommes ravis de vous accompagner dans votre projet immobilier\u00a0 Email : agnes@joliboisimmo.fr T\u00e9lephone : +33 6 42 72 59 76 Addresse : 54400 Cosnes-et-Romain 56 Rue du Bearn<\/p>\n","protected":false},"author":1,"featured_media":0,"parent":0,"menu_order":0,"comment_status":"closed","ping_status":"closed","template":"templates\/page-builder-content.php","meta":{"footnotes":""},"class_list":["post-362","page","type-page","status-publish","hentry"],"_links":{"self":[{"href":"https:\/\/www.joliboisimmo.com\/index.php\/wp-json\/wp\/v2\/pages\/362","targetHints":{"allow":["GET"]}}],"collection":[{"href":"https:\/\/www.joliboisimmo.com\/index.php\/wp-json\/wp\/v2\/pages"}],"about":[{"href":"https:\/\/www.joliboisimmo.com\/index.php\/wp-json\/wp\/v2\/types\/page"}],"author":[{"embeddable":true,"href":"https:\/\/www.joliboisimmo.com\/index.php\/wp-json\/wp\/v2\/users\/1"}],"replies":[{"embeddable":true,"href":"https:\/\/www.joliboisimmo.com\/index.php\/wp-json\/wp\/v2\/comments?post=362"}],"version-history":[{"count":16,"href":"https:\/\/www.joliboisimmo.com\/index.php\/wp-json\/wp\/v2\/pages\/362\/revisions"}],"predecessor-version":[{"id":801,"href":"https:\/\/www.joliboisimmo.com\/index.php\/wp-json\/wp\/v2\/pages\/362\/revisions\/801"}],"wp:attachment":[{"href":"https:\/\/www.joliboisimmo.com\/index.php\/wp-json\/wp\/v2\/media?parent=362"}],"curies":[{"name":"wp","href":"https:\/\/api.w.org\/{rel}","templated":true}]}}